{"id":3418,"date":"2025-12-28T15:52:43","date_gmt":"2025-12-28T14:52:43","guid":{"rendered":"https:\/\/okootv.com\/market\/produit\/totebag-believer\/"},"modified":"2025-12-28T17:07:47","modified_gmt":"2025-12-28T16:07:47","slug":"totebag-believer","status":"publish","type":"product","link":"https:\/\/okootv.com\/market\/produit\/totebag-believer\/","title":{"rendered":"Totebag \u00ab BELIEVER \u00bb"},"content":{"rendered":"<p>&#8211; 80% coton recycl\u00e9 20% polyester recycl\u00e9<br \/>\n&#8211; Tissage en toile pour un sac robuste, de haute qualit\u00e9<br \/>\n&#8211; 285 g\/m2<br \/>\n&#8211; Poche int\u00e9rieure de rangement<\/p>\n","protected":false},"excerpt":{"rendered":"<p>&#8211; 80% coton recycl\u00e9 20% polyester recycl\u00e9 &#8211; Tissage en toile pour un sac robuste, de haute qualit\u00e9 &#8211; 285 g\/m2 &#8211; Poche int\u00e9rieure de rangement<\/p>\n","protected":false},"featured_media":3416,"comment_status":"open","ping_status":"closed","template":"","meta":{"_kadence_starter_templates_imported_post":false},"product_brand":[],"product_cat":[16],"product_tag":[],"class_list":{"0":"post-3418","1":"product","2":"type-product","3":"status-publish","4":"has-post-thumbnail","6":"product_cat-vetements","8":"first","9":"instock","10":"shipping-taxable","11":"purchasable","12":"product-type-variable","13":"has-default-attributes"},"jetpack_sharing_enabled":true,"_links":{"self":[{"href":"https:\/\/okootv.com\/market\/wp-json\/wp\/v2\/product\/3418","targetHints":{"allow":["GET"]}}],"collection":[{"href":"https:\/\/okootv.com\/market\/wp-json\/wp\/v2\/product"}],"about":[{"href":"https:\/\/okootv.com\/market\/wp-json\/wp\/v2\/types\/product"}],"replies":[{"embeddable":true,"href":"https:\/\/okootv.com\/market\/wp-json\/wp\/v2\/comments?post=3418"}],"wp:featuredmedia":[{"embeddable":true,"href":"https:\/\/okootv.com\/market\/wp-json\/wp\/v2\/media\/3416"}],"wp:attachment":[{"href":"https:\/\/okootv.com\/market\/wp-json\/wp\/v2\/media?parent=3418"}],"wp:term":[{"taxonomy":"product_brand","embeddable":true,"href":"https:\/\/okootv.com\/market\/wp-json\/wp\/v2\/product_brand?post=3418"},{"taxonomy":"product_cat","embeddable":true,"href":"https:\/\/okootv.com\/market\/wp-json\/wp\/v2\/product_cat?post=3418"},{"taxonomy":"product_tag","embeddable":true,"href":"https:\/\/okootv.com\/market\/wp-json\/wp\/v2\/product_tag?post=3418"}],"curies":[{"name":"wp","href":"https:\/\/api.w.org\/{rel}","templated":true}]}}