{"id":3473,"date":"2025-12-28T16:58:57","date_gmt":"2025-12-28T15:58:57","guid":{"rendered":"https:\/\/okootv.com\/market\/produit\/les-pas-inspires-chaussettes-performance-bio\/"},"modified":"2025-12-28T17:06:41","modified_gmt":"2025-12-28T16:06:41","slug":"les-pas-inspires-chaussettes-performance-bio","status":"publish","type":"product","link":"https:\/\/okootv.com\/market\/produit\/les-pas-inspires-chaussettes-performance-bio\/","title":{"rendered":"Les &quot;Pas Inspir\u00e9s&quot; \u2013 Chaussettes Performance Bio"},"content":{"rendered":"<p>\u00ab\u00a0Chaque pas compte. Marquez votre empreinte avec \u00e9thique.\u00a0\u00bb<br \/>\nL&rsquo;\u00e9l\u00e9gance jusqu&rsquo;au bout des pieds. Parce que le d\u00e9tail fait la perfection, les chaussettes OKO&rsquo;O ont \u00e9t\u00e9 con\u00e7ues pour ceux qui soignent leur style de la t\u00eate aux pieds. Alliant technicit\u00e9 et confort absolu, elles sont le pont entre vos ambitions et la r\u00e9alit\u00e9 du terrain.<\/p>\n<p>Une ing\u00e9nierie europ\u00e9enne : Fabriqu\u00e9es avec fiert\u00e9 en Europe, ces chaussettes utilisent un m\u00e9lange intelligent de 55% coton biologique et de fibres recycl\u00e9es. La zone du pied est en coton 100% bio, garantissant une respiration optimale et un confort naturel, tandis que l&rsquo;\u00e9lasthanne assure un maintien parfait sans compression.<\/p>\n<p>Technique &amp; Engagement :<\/p>\n<p>Confort Durable : Un tissage robuste certifi\u00e9 GOTS et OEKO-TEX, respectueux de votre peau et de la plan\u00e8te.<\/p>\n<p>Design Signature : Votre slogan ou motif pr\u00e9f\u00e9r\u00e9 imprim\u00e9 sur le c\u00f4t\u00e9 visible, pour un rappel subtil mais puissant de votre philosophie \u00e0 chaque mouvement.<\/p>\n<p>\u00c9co-conception : Int\u00e9gration de polyester recycl\u00e9 (GRS) pour une r\u00e9sistance accrue et une empreinte \u00e9cologique r\u00e9duite.<\/p>\n<p>Le conseil OKO&rsquo;O : Laissez-les d\u00e9passer l\u00e9g\u00e8rement de vos baskets avec le Jogger \u00ab\u00a0Horizon\u00a0\u00bb pour un look streetwear pointu. Disponibles en deux tailles pour s&rsquo;adapter parfaitement \u00e0 votre morphologie.<\/p>\n","protected":false},"excerpt":{"rendered":"<p>\u00ab\u00a0Chaque pas compte. Marquez votre empreinte avec \u00e9thique.\u00a0\u00bb L&rsquo;\u00e9l\u00e9gance jusqu&rsquo;au bout des pieds. Parce que le d\u00e9tail fait la perfection, les chaussettes OKO&rsquo;O ont \u00e9t\u00e9 con\u00e7ues pour ceux qui soignent leur style de la t\u00eate aux pieds. Alliant technicit\u00e9 et confort absolu, elles sont le pont entre vos ambitions et [&hellip;]<\/p>\n","protected":false},"featured_media":3476,"comment_status":"open","ping_status":"closed","template":"","meta":{"_kadence_starter_templates_imported_post":false},"product_brand":[],"product_cat":[16],"product_tag":[],"class_list":{"0":"post-3473","1":"product","2":"type-product","3":"status-publish","4":"has-post-thumbnail","6":"product_cat-vetements","8":"first","9":"instock","10":"shipping-taxable","11":"purchasable","12":"product-type-variable","13":"has-default-attributes"},"jetpack_sharing_enabled":true,"_links":{"self":[{"href":"https:\/\/okootv.com\/market\/wp-json\/wp\/v2\/product\/3473","targetHints":{"allow":["GET"]}}],"collection":[{"href":"https:\/\/okootv.com\/market\/wp-json\/wp\/v2\/product"}],"about":[{"href":"https:\/\/okootv.com\/market\/wp-json\/wp\/v2\/types\/product"}],"replies":[{"embeddable":true,"href":"https:\/\/okootv.com\/market\/wp-json\/wp\/v2\/comments?post=3473"}],"wp:featuredmedia":[{"embeddable":true,"href":"https:\/\/okootv.com\/market\/wp-json\/wp\/v2\/media\/3476"}],"wp:attachment":[{"href":"https:\/\/okootv.com\/market\/wp-json\/wp\/v2\/media?parent=3473"}],"wp:term":[{"taxonomy":"product_brand","embeddable":true,"href":"https:\/\/okootv.com\/market\/wp-json\/wp\/v2\/product_brand?post=3473"},{"taxonomy":"product_cat","embeddable":true,"href":"https:\/\/okootv.com\/market\/wp-json\/wp\/v2\/product_cat?post=3473"},{"taxonomy":"product_tag","embeddable":true,"href":"https:\/\/okootv.com\/market\/wp-json\/wp\/v2\/product_tag?post=3473"}],"curies":[{"name":"wp","href":"https:\/\/api.w.org\/{rel}","templated":true}]}}